{"id":55,"date":"2011-12-03T10:32:05","date_gmt":"2011-12-03T10:32:05","guid":{"rendered":"http:\/\/www.scene-factory.com\/FR\/?page_id=55"},"modified":"2011-12-08T17:57:21","modified_gmt":"2011-12-08T17:57:21","slug":"faites-une-scene","status":"publish","type":"page","link":"https:\/\/www.scene-factory.com\/FR\/?page_id=55","title":{"rendered":"FAITES UNE SCENE"},"content":{"rendered":"<p><strong>Cr\u00e9ez un environnement vid\u00e9o original pour votre espace<\/strong><\/p>\n<p><strong>SCENE FACTORY<\/strong> vous propose de produire des sc\u00e8nes vid\u00e9o sur mesure, des sc\u00e8nes divertissantes et imaginatives qui enrichiront votre lieu et attireront l\u2019attention du public.<\/p>\n<p>Que vous ayez besoin d\u2019un effet de ponctuation de 3 secondes ou d\u2019un environnement de 2 heures, nous personnaliserons votre \u00e9cran ou votre mur avec un contenu vid\u00e9o produit sp\u00e9cifiquement pour votre espace.<\/p>\n<p>Notre exp\u00e9rience dans la r\u00e9alisation de films, la documentation, l\u2019acquisition de droits et la repr\u00e9sentation de cin\u00e9astes nous permet de vous offrir un grand choix de styles et de sujets, d\u2019un haut niveau artistique et technique, \u00e0 des prix comp\u00e9titifs.<\/p>\n<p>* Voir <a href=\"https:\/\/www.scene-factory.com\/FR\/?page_id=39\">SCENE HISTORY<\/a> pour une liste d\u00e9taill\u00e9e de r\u00e9alisations et projets de recherche *<\/p>\n<p>Envoyez-nous vos crit\u00e8res sp\u00e9cifiques et nous vous proposerons des solutions.<\/p>\n<p>&nbsp;<\/p>\n<p><strong>PAR EXEMPLE<\/strong> :<\/p>\n<table width=\"800\" border=\"1\" cellspacing=\"0\" cellpadding=\"5\">\n<tbody>\n<tr>\n<td><span class=\"tabColor\">LIEU<\/span><\/td>\n<td><span class=\"tabColor\"><em>M\u00e9tro parisien <\/em><\/span><\/td>\n<\/tr>\n<tr>\n<td><span class=\"tabColor\">DIMENSIONS D\u2019\u00c9CRANS \/ MURS <\/span><\/td>\n<td><span class=\"tabColor\"><em>\u00c9crans verticaux 1m X 2m<\/em><\/span><\/td>\n<\/tr>\n<tr>\n<td><span class=\"tabColor\">COULEURS \/ TEXTURES DU LIEU<\/span><\/td>\n<td><span class=\"tabColor\"><em>Murs blancs et gris, escaliers, couloirs, plateformes\u00a0<\/em><\/span><\/td>\n<\/tr>\n<tr>\n<td><span class=\"tabColor\">CIRCULATION \/ VISITES \u00a0<\/span><\/td>\n<td><span class=\"tabColor\"><em>4 millions personnes \/ jour <\/em><\/span><\/td>\n<\/tr>\n<tr>\n<td><span class=\"tabColor\">TONALIT\u00c9 \/ TH\u00c8ME \/ SUJET\u00a0<\/span><\/td>\n<td><span class=\"tabColor\"><em>Sujets qui attireront l\u2019attention des passants, format vertical<\/em><\/span><\/td>\n<\/tr>\n<tr>\n<td><span class=\"tabColor\">PLACEMENT RELATIF \u00c0 D\u2019AUTRES CONTENUS<\/span><\/td>\n<td><span class=\"tabColor\"><em>Morceaux courts \u00e0 mettre avant publicit\u00e9s<\/em><\/span><\/td>\n<\/tr>\n<tr>\n<td><span class=\"tabColor\">DUR\u00c9E<\/span><\/td>\n<td><span class=\"tabColor\"><em>10 secondes\u00a0<\/em><\/span><\/td>\n<\/tr>\n<tr>\n<td><span class=\"tabColor\">SON<\/span><\/td>\n<td><span class=\"tabColor\"><em>Non<\/em><\/span><\/td>\n<\/tr>\n<tr>\n<td><span class=\"tabColor\">DIVERS<\/span><\/td>\n<td><span class=\"tabColor\"><em>\u00a0Design graphique original<\/em><\/span><\/td>\n<\/tr>\n<\/tbody>\n<\/table>\n<p>Pour une sc\u00e8ne m\u00e9morable, venez \u00e0 SCENE FACTORY.<\/p>\n","protected":false},"excerpt":{"rendered":"<p>Cr\u00e9ez un environnement vid\u00e9o original pour votre espace SCENE FACTORY vous propose de produire des sc\u00e8nes vid\u00e9o sur mesure, des sc\u00e8nes divertissantes et imaginatives qui enrichiront votre lieu et attireront l\u2019attention du public. Que vous ayez besoin d\u2019un effet de ponctuation de 3 secondes ou d\u2019un environnement de 2 heures, nous personnaliserons votre \u00e9cran ou &#8230; <a href=\"https:\/\/www.scene-factory.com\/FR\/?page_id=55\">Continue Reading<\/a><\/p>\n","protected":false},"author":1,"featured_media":0,"parent":0,"menu_order":0,"comment_status":"open","ping_status":"open","template":"","meta":[],"_links":{"self":[{"href":"https:\/\/www.scene-factory.com\/FR\/index.php?rest_route=\/wp\/v2\/pages\/55"}],"collection":[{"href":"https:\/\/www.scene-factory.com\/FR\/index.php?rest_route=\/wp\/v2\/pages"}],"about":[{"href":"https:\/\/www.scene-factory.com\/FR\/index.php?rest_route=\/wp\/v2\/types\/page"}],"author":[{"embeddable":true,"href":"https:\/\/www.scene-factory.com\/FR\/index.php?rest_route=\/wp\/v2\/users\/1"}],"replies":[{"embeddable":true,"href":"https:\/\/www.scene-factory.com\/FR\/index.php?rest_route=%2Fwp%2Fv2%2Fcomments&post=55"}],"version-history":[{"count":6,"href":"https:\/\/www.scene-factory.com\/FR\/index.php?rest_route=\/wp\/v2\/pages\/55\/revisions"}],"predecessor-version":[{"id":90,"href":"https:\/\/www.scene-factory.com\/FR\/index.php?rest_route=\/wp\/v2\/pages\/55\/revisions\/90"}],"wp:attachment":[{"href":"https:\/\/www.scene-factory.com\/FR\/index.php?rest_route=%2Fwp%2Fv2%2Fmedia&parent=55"}],"curies":[{"name":"wp","href":"https:\/\/api.w.org\/{rel}","templated":true}]}}