{"id":2,"date":"2011-12-02T13:30:13","date_gmt":"2011-12-02T13:30:13","guid":{"rendered":"http:\/\/www.scene-factory.com\/FR\/?page_id=2"},"modified":"2022-07-22T12:49:31","modified_gmt":"2022-07-22T12:49:31","slug":"page-d-exemple","status":"publish","type":"page","link":"https:\/\/www.scene-factory.com\/FR\/","title":{"rendered":""},"content":{"rendered":"\n<figure class=\"wp-block-video\"><video controls src=\"https:\/\/www.scene-factory.com\/FR\/wp-content\/uploads\/2022\/07\/Parc.mp4\"><\/video><\/figure>\n\n\n\n<br>&nbsp;\n\n\n\n<figure class=\"wp-block-video\"><video controls src=\"https:\/\/www.scene-factory.com\/FR\/wp-content\/uploads\/2022\/07\/Accueil.mp4\"><\/video><\/figure>\n\n\n\n<br>&nbsp;\n\n\n\n<figure class=\"wp-block-video\"><video controls src=\"https:\/\/www.scene-factory.com\/FR\/wp-content\/uploads\/2022\/07\/Horloge.mp4\"><\/video><\/figure>\n\n\n\n<br>&nbsp;\n\n\n\n<figure class=\"wp-block-video\"><video controls src=\"https:\/\/www.scene-factory.com\/FR\/wp-content\/uploads\/2022\/07\/Hall.mp4\"><\/video><\/figure>\n\n\n\n<br>&nbsp;\n\n\n\n<figure class=\"wp-block-video\"><video controls src=\"https:\/\/www.scene-factory.com\/FR\/wp-content\/uploads\/2022\/07\/Pub.mp4\"><\/video><\/figure>\n\n\n\n<br>&nbsp;\n\n\n\n<figure class=\"wp-block-video\"><video controls src=\"https:\/\/www.scene-factory.com\/FR\/wp-content\/uploads\/2022\/07\/Shop.mp4\"><\/video><\/figure>\n\n\n\n<br>&nbsp;\n\n\n\n<figure class=\"wp-block-video\"><video controls src=\"https:\/\/www.scene-factory.com\/FR\/wp-content\/uploads\/2022\/07\/Station.mp4\"><\/video><\/figure>\n\n\n\n<p><div id=\"INPI\">Les photographies pr\u00e9sent\u00e9es sur ce site ne constituent que des exemples de projets et ne donneront lieu \u00e0 aucune exploitation commerciale.<br>Les cr\u00e9ations pr\u00e9sent\u00e9es sur le site ont fait l\u2019objet d\u2019une protection sous enveloppe Soleau #433046 \u00e0 l\u2019INPI.<\/div><\/p>\n","protected":false},"excerpt":{"rendered":"<p>&nbsp; &nbsp; &nbsp; &nbsp; &nbsp; &nbsp; Les photographies pr\u00e9sent\u00e9es sur ce site ne constituent que des exemples de projets et ne donneront lieu \u00e0 aucune exploitation commerciale.Les cr\u00e9ations pr\u00e9sent\u00e9es sur le site ont fait l\u2019objet d\u2019une protection sous enveloppe Soleau #433046 \u00e0 l\u2019INPI.<\/p>\n","protected":false},"author":1,"featured_media":0,"parent":0,"menu_order":0,"comment_status":"open","ping_status":"open","template":"","meta":[],"_links":{"self":[{"href":"https:\/\/www.scene-factory.com\/FR\/index.php?rest_route=\/wp\/v2\/pages\/2"}],"collection":[{"href":"https:\/\/www.scene-factory.com\/FR\/index.php?rest_route=\/wp\/v2\/pages"}],"about":[{"href":"https:\/\/www.scene-factory.com\/FR\/index.php?rest_route=\/wp\/v2\/types\/page"}],"author":[{"embeddable":true,"href":"https:\/\/www.scene-factory.com\/FR\/index.php?rest_route=\/wp\/v2\/users\/1"}],"replies":[{"embeddable":true,"href":"https:\/\/www.scene-factory.com\/FR\/index.php?rest_route=%2Fwp%2Fv2%2Fcomments&post=2"}],"version-history":[{"count":18,"href":"https:\/\/www.scene-factory.com\/FR\/index.php?rest_route=\/wp\/v2\/pages\/2\/revisions"}],"predecessor-version":[{"id":215,"href":"https:\/\/www.scene-factory.com\/FR\/index.php?rest_route=\/wp\/v2\/pages\/2\/revisions\/215"}],"wp:attachment":[{"href":"https:\/\/www.scene-factory.com\/FR\/index.php?rest_route=%2Fwp%2Fv2%2Fmedia&parent=2"}],"curies":[{"name":"wp","href":"https:\/\/api.w.org\/{rel}","templated":true}]}}