{"id":16,"date":"2011-12-02T13:52:55","date_gmt":"2011-12-02T13:52:55","guid":{"rendered":"http:\/\/www.scene-factory.com\/EN\/?page_id=16"},"modified":"2014-09-09T18:04:30","modified_gmt":"2014-09-09T18:04:30","slug":"scene-history","status":"publish","type":"page","link":"https:\/\/www.scene-factory.com\/EN\/?page_id=16","title":{"rendered":"SCENE HISTORY"},"content":{"rendered":"<table>\n<tbody>\n<tr>\n<td align=\"center\" class=\"W\">&nbsp;<\/td>\n<td class=\"wH\">&nbsp;<\/td>\n<td class=\"wH\"><strong><img loading=\"lazy\" src=\"https:\/\/www.scene-factory.com\/img\/red.png\" alt=\"\" width=\"11\" height=\"8\" \/><\/strong> production<br \/>\n    <strong><img loading=\"lazy\" src=\"https:\/\/www.scene-factory.com\/img\/blue.png\" alt=\"\" width=\"11\" height=\"8\" \/><\/strong> film research<\/td>\n<\/tr>\n<tr>\n<td align=\"center\" class=\"W\">&nbsp;<\/td>\n<td class=\"wH\">&nbsp;<\/td>\n<td class=\"wH\">&nbsp;<\/td>\n<\/tr>\n<tr>\n<td width=\"75\" align=\"center\" class=\"W\"><strong>YEAR<\/strong><\/td>\n<td class=\"wH\"><strong>SCENE<\/strong><\/td>\n<td class=\"wH\"><strong>PLACEMENT<\/strong><\/td>\n<\/tr>\n<tr>\n<td class=\"W\" align=\"center\" bgcolor=\"\"><strong>2014<br \/>\n\/<br \/>\n2012<\/strong><\/td>\n<td bgcolor=\"\">\n<p><strong>Muhammad Ali<\/strong> training, reciting his poetry, expounding on <strong>The American Way of Life<\/strong>\n    <\/p>\n<\/td>\n<td bgcolor=\"\">\n<p><strong><img loading=\"lazy\" src=\"https:\/\/www.scene-factory.com\/img\/red.png\" alt=\"\" width=\"11\" height=\"8\" \/><\/strong>Documentary made from recently discovered footage shot in 1973-74 <\/p>\n<\/td>\n<\/tr>\n<tr>\n<td class=\"W\" align=\"center\" bgcolor=\"\">&nbsp;<\/td>\n<td bgcolor=\"\">\n<p>Wild orgies and suburban hot-tubs<\/p>\n<\/td>\n<td bgcolor=\"\">\n<p><strong><img loading=\"lazy\" src=\"https:\/\/www.scene-factory.com\/img\/blue.png\" alt=\"\" width=\"11\" height=\"8\" \/><\/strong>Internet documentary \u201c<strong>Le Libertinage<\/strong>\u201d (Ana\u00e9 Media)<\/p>\n<\/td>\n<\/tr>\n<tr>\n<td class=\"W\" align=\"center\" bgcolor=\"\">&nbsp;<\/td>\n<td bgcolor=\"\">\n<p><strong>Mao, Mussolini and co<\/strong>. + girls<\/p>\n<\/td>\n<td bgcolor=\"\"><strong><img loading=\"lazy\" src=\"https:\/\/www.scene-factory.com\/img\/blue.png\" alt=\"\" width=\"11\" height=\"8\" \/><\/strong>Documentary \u201c<strong>Sexuality of Tyrants<\/strong>\u201d (Public S\u00e9nat)<\/td>\n<\/tr>\n<tr>\n<td class=\"W\" align=\"center\" bgcolor=\"\">&nbsp;<\/td>\n<td bgcolor=\"\">Rockabilly, hippie, disco, punk, trash, metal and SM scenes<\/td>\n<td bgcolor=\"\"><strong><img loading=\"lazy\" src=\"https:\/\/www.scene-factory.com\/img\/blue.png\" alt=\"\" width=\"11\" height=\"8\" \/><\/strong>Series \u201c<strong>Sex + Music<\/strong>\u201d (Arte)<\/td>\n<\/tr>\n<tr>\n<td class=\"W\" align=\"center\" bgcolor=\"\">&nbsp;<\/td>\n<td bgcolor=\"\">Fire ants vs phorid flies, lionfish and giant crabs<\/td>\n<td bgcolor=\"\"><strong><img loading=\"lazy\" src=\"https:\/\/www.scene-factory.com\/img\/blue.png\" alt=\"\" width=\"11\" height=\"8\" \/><\/strong>Series \u201c<strong>The Conquerors<\/strong>\u201d (Arte)<\/td>\n<\/tr>\n<tr>\n<td class=\"W\" align=\"center\" bgcolor=\"\">&nbsp;<\/td>\n<td bgcolor=\"\">Champs Elys\u00e9es in stretch limo<\/td>\n<td bgcolor=\"\"><strong><img loading=\"lazy\" src=\"https:\/\/www.scene-factory.com\/img\/red.png\" alt=\"\" width=\"11\" height=\"8\" \/><\/strong>Shoot for \u201c<strong>Gossip Girl<\/strong>\u201d (Warner Brothers TV)<\/td>\n<\/tr>\n<tr>\n<td width=\"75\" align=\"center\" bgcolor=\"\" class=\"W\"><strong>2011<br \/>\n\/<br \/>\n2006<\/strong><\/td>\n<td bgcolor=\"\">Research, clearance and production of scenes, focusing on sources and subjects off the beaten track.<\/td>\n<td bgcolor=\"\"><strong><img loading=\"lazy\" src=\"https:\/\/www.scene-factory.com\/img\/red.png\" alt=\"\" width=\"11\" height=\"8\" \/><\/strong><strong><img loading=\"lazy\" src=\"https:\/\/www.scene-factory.com\/img\/blue.png\" alt=\"\" width=\"11\" height=\"8\" \/><\/strong>Created <strong>New Media Directions<\/strong>, Paris, for development of original content for <strong>public spaces<\/strong>, research and exploitation of film archives<\/td>\n<\/tr>\n<tr>\n<td width=\"75\" align=\"center\" bgcolor=\"\" class=\"W\">&nbsp;<\/td>\n<td bgcolor=\"\">Cities, villages and countrysides of <strong>Laos and Chile<\/strong>, portraits of workers, children, buddhist monks, <strong>time-lapse<\/strong> beauty shots.<\/td>\n<td bgcolor=\"\"><strong><img loading=\"lazy\" src=\"https:\/\/www.scene-factory.com\/img\/red.png\" alt=\"\" width=\"11\" height=\"8\" \/><\/strong>Shot for \u201c<strong>Art of Travelling Laos \u2013 Chile<\/strong>\u201d, 90 min video expo created for public waiting areas (New Media Directions\/Caravane Films)<\/td>\n<\/tr>\n<tr>\n<td width=\"75\" align=\"center\" bgcolor=\"\" class=\"W\"><\/td>\n<td bgcolor=\"\"><strong>Economic capers<\/strong> from 1929 to 2008, candid moments with Greenspan, Fuld &amp; co, Brooksley Born, home videos of victims<\/td>\n<td bgcolor=\"\"><strong><img loading=\"lazy\" src=\"https:\/\/www.scene-factory.com\/img\/blue.png\" alt=\"\" width=\"11\" height=\"8\" \/><\/strong>\u201cLe roman de la crise\u201d (<strong>Cin\u00e9t\u00e9v\u00e9 \u2013 Daniel Cohen\/ Eric Orsenna<\/strong>)<\/td>\n<\/tr>\n<tr>\n<td width=\"75\" align=\"center\" bgcolor=\"\" class=\"W\"><\/td>\n<td bgcolor=\"\">Scenes from Russian <strong>Lunokhod<\/strong> program<\/td>\n<td bgcolor=\"\"><strong><img loading=\"lazy\" src=\"https:\/\/www.scene-factory.com\/img\/blue.png\" alt=\"\" width=\"11\" height=\"8\" \/><\/strong>Documentary \u201c<strong>Tank on the Moon<\/strong>\u201d (ZED Productions)<\/td>\n<\/tr>\n<tr>\n<td width=\"75\" align=\"center\" bgcolor=\"\" class=\"W\"><\/td>\n<td bgcolor=\"\">Interviews with <strong>Nasa<\/strong> scientists at Planetary Society, Pasadena, CA<\/td>\n<td bgcolor=\"\"><strong><img loading=\"lazy\" src=\"https:\/\/www.scene-factory.com\/img\/red.png\" alt=\"\" width=\"11\" height=\"8\" \/><\/strong>Shot for \u201c<strong>Tank on the Moon<\/strong>\u201d (ZED)<\/td>\n<\/tr>\n<tr>\n<td width=\"75\" align=\"center\" bgcolor=\"\" class=\"W\"><\/td>\n<td bgcolor=\"\">African <strong>animist rituals<\/strong><\/td>\n<td bgcolor=\"\"><strong><img loading=\"lazy\" src=\"https:\/\/www.scene-factory.com\/img\/blue.png\" alt=\"\" width=\"11\" height=\"8\" \/><\/strong>Series \u201cDieux\/Demons\u201d (<strong>ZED<\/strong>)<\/td>\n<\/tr>\n<tr>\n<td width=\"75\" align=\"center\" bgcolor=\"\" class=\"W\"><\/td>\n<td bgcolor=\"\"><strong>Animal<\/strong> experimentation<\/td>\n<td bgcolor=\"\"><strong><img loading=\"lazy\" src=\"https:\/\/www.scene-factory.com\/img\/blue.png\" alt=\"\" width=\"11\" height=\"8\" \/><\/strong>Documentary \u201cLa vie r\u00eav\u00e9e des rats\u201d (<strong>G\u00e9d\u00e9on<\/strong>&#8211; dir. Florence Tran)<\/td>\n<\/tr>\n<tr>\n<td width=\"75\" align=\"center\" bgcolor=\"\" class=\"W\"><\/td>\n<td bgcolor=\"\">Presentations made at <strong>International Space University<\/strong> conference in Strasbourg on Space colonisation and plans for safeguarding of human knowledge on the Moon.<\/td>\n<td bgcolor=\"\"><strong><img loading=\"lazy\" src=\"https:\/\/www.scene-factory.com\/img\/red.png\" alt=\"\" width=\"11\" height=\"8\" \/><\/strong>Shot for \u201c<strong>Remembering Earth<\/strong>\u201d, futuristic series project developed with The Independent Production Fund, New York (<strong>Alvin H. Perlmutter<\/strong>)<\/td>\n<\/tr>\n<tr>\n<td width=\"75\" align=\"center\" bgcolor=\"\" class=\"W\"><\/td>\n<td bgcolor=\"\">Home movies of <strong>Placido Domingo<\/strong>, Lorena Ochoa, Roger Federer<\/td>\n<td bgcolor=\"\"><strong><strong><img loading=\"lazy\" src=\"https:\/\/www.scene-factory.com\/img\/blue.png\" alt=\"\" width=\"11\" height=\"8\" \/><\/strong>Rolex<\/strong> TV campaign (Bliss\/ Guy Pechard)<\/td>\n<\/tr>\n<tr>\n<td width=\"75\" align=\"center\" bgcolor=\"\" class=\"W\"><\/td>\n<td bgcolor=\"\"><strong>Shanghai 1930s<\/strong> daily life, street scenes, opium dens, taxi girls<\/td>\n<td bgcolor=\"\"><strong><img loading=\"lazy\" src=\"https:\/\/www.scene-factory.com\/img\/blue.png\" alt=\"\" width=\"11\" height=\"8\" \/><\/strong>\u201cShanghai les ann\u00e9es folles\u201d (<strong>Id\u00e9ale-Audience<\/strong>)<\/td>\n<\/tr>\n<tr>\n<td width=\"75\" align=\"center\" bgcolor=\"\" class=\"W\"><strong>2005<\/strong><\/td>\n<td bgcolor=\"\">Skylines and city views showing modern <strong>architectural styles<\/strong><\/td>\n<td bgcolor=\"\"><strong><img loading=\"lazy\" src=\"https:\/\/www.scene-factory.com\/img\/red.png\" alt=\"\" width=\"11\" height=\"8\" \/><\/strong>HD promo \u201cDigitown\u201d, produced from library footage for <strong>Thomson Multimedia<\/strong> exhibit at IFA Expo, Berlin<\/td>\n<\/tr>\n<tr>\n<td width=\"75\" align=\"center\" bgcolor=\"\" class=\"W\"><\/td>\n<td bgcolor=\"\">Split <strong>water\/sky<\/strong> beauty shots for product background<\/td>\n<td bgcolor=\"\"><strong><img loading=\"lazy\" src=\"https:\/\/www.scene-factory.com\/img\/red.png\" alt=\"\" width=\"11\" height=\"8\" \/><\/strong>Shot in Tortola, British V.I. for <strong>Hycalia<\/strong> TV spot (PM Publicit\u00e9)<\/td>\n<\/tr>\n<tr>\n<td width=\"75\" align=\"center\" bgcolor=\"\" class=\"W\"><strong>2004<br \/>\n\/<br \/>\n2000\u00a0<\/strong><\/td>\n<td bgcolor=\"\">20,000 hours of scenes from library of Beyond International, Sydney, Australia<\/td>\n<td bgcolor=\"\"><strong><img loading=\"lazy\" src=\"https:\/\/www.scene-factory.com\/img\/red.png\" alt=\"\" width=\"11\" height=\"8\" \/><\/strong><strong><img loading=\"lazy\" src=\"https:\/\/www.scene-factory.com\/img\/blue.png\" alt=\"\" width=\"11\" height=\"8\" \/><\/strong>Created <strong>Beyond Vision<\/strong> for exploitation of Beyond\u2019s documentary collections<\/td>\n<\/tr>\n<tr>\n<td width=\"75\" align=\"center\" bgcolor=\"\" class=\"W\"><\/td>\n<td bgcolor=\"\">Statue of bull in Wall St area<\/td>\n<td bgcolor=\"\"><strong><img loading=\"lazy\" src=\"https:\/\/www.scene-factory.com\/img\/red.png\" alt=\"\" width=\"11\" height=\"8\" \/><\/strong>Shot for <strong>St George Bank<\/strong> animated TV spot (George Tomeski &amp; Partners, Sydney)<\/td>\n<\/tr>\n<tr>\n<td width=\"75\" align=\"center\" bgcolor=\"\" class=\"W\"><\/td>\n<td bgcolor=\"\">Red <strong>bull ants<\/strong> carrying and unloading twigs<\/td>\n<td bgcolor=\"\"><strong><img loading=\"lazy\" src=\"https:\/\/www.scene-factory.com\/img\/red.png\" alt=\"\" width=\"11\" height=\"8\" \/><\/strong>Shot for Incitek Pivot TV spot (Blacklab Int\u2019l, Australia)<\/td>\n<\/tr>\n<tr>\n<td width=\"75\" align=\"center\" bgcolor=\"\" class=\"W\"><\/td>\n<td bgcolor=\"\">Aerials mountains, landscapes, <strong>extreme sports<\/strong>, Queenstown, NZ<\/td>\n<td bgcolor=\"\"><strong><img loading=\"lazy\" src=\"https:\/\/www.scene-factory.com\/img\/red.png\" alt=\"\" width=\"11\" height=\"8\" \/><\/strong>Created DVD \u201c<strong>New Zealand Dreaming<\/strong>\u201d from library of Making Movies NZ<\/td>\n<\/tr>\n<tr>\n<td width=\"75\" align=\"center\" bgcolor=\"\" class=\"W\"><\/td>\n<td bgcolor=\"\"><strong>Outback<\/strong>, scenics, cities &#8211; all parts of Australia<\/td>\n<td bgcolor=\"\"><strong><img loading=\"lazy\" src=\"https:\/\/www.scene-factory.com\/img\/red.png\" alt=\"\" width=\"11\" height=\"8\" \/><\/strong>Created DVD \u201c<strong>Walkabout<\/strong>\u201d from Beyond Vision library<\/td>\n<\/tr>\n<tr>\n<td width=\"75\" align=\"center\" bgcolor=\"\" class=\"W\"><\/td>\n<td bgcolor=\"\">Scenes of <strong>African wilderness<\/strong>, underwater, space, wildlife, cities around the world<\/td>\n<td bgcolor=\"\"><strong><img loading=\"lazy\" src=\"https:\/\/www.scene-factory.com\/img\/red.png\" alt=\"\" width=\"11\" height=\"8\" \/><\/strong>Created 9 X 10 min films from Beyond Vision library for showing in <strong>Sydney office tower<\/strong> (Trinity Partners-275 George Street)<\/td>\n<\/tr>\n<tr>\n<td width=\"75\" align=\"center\" bgcolor=\"\" class=\"W\"><strong>1999<br \/>\n\/<br \/>\n1993<\/strong><\/td>\n<td bgcolor=\"\">Stylized\/unusual scenes from independent and <strong>experimental<\/strong> films and sources<\/td>\n<td bgcolor=\"\"><strong><img loading=\"lazy\" src=\"https:\/\/www.scene-factory.com\/img\/red.png\" alt=\"\" width=\"11\" height=\"8\" \/><\/strong><strong><img loading=\"lazy\" src=\"https:\/\/www.scene-factory.com\/img\/blue.png\" alt=\"\" width=\"11\" height=\"8\" \/><\/strong>Created Lookout Productions\/ <strong>Extreme Footage<\/strong> with australian film-maker Ruth Cullen (research, representation and production).<\/td>\n<\/tr>\n<tr>\n<td width=\"75\" align=\"center\" bgcolor=\"\" class=\"W\"><\/td>\n<td bgcolor=\"\">Scenes of <strong>Velvet Underground<\/strong>, 1970s NY music scene<\/td>\n<td bgcolor=\"\"><strong><img loading=\"lazy\" src=\"https:\/\/www.scene-factory.com\/img\/blue.png\" alt=\"\" width=\"11\" height=\"8\" \/><\/strong>\u201c<strong>Lou Reed<\/strong>\u201d bio for American Experience (PBS)<\/td>\n<\/tr>\n<tr>\n<td width=\"75\" align=\"center\" bgcolor=\"\" class=\"W\"><\/td>\n<td bgcolor=\"\">Scenes of <strong>children<\/strong> killed from gun violence<\/td>\n<td bgcolor=\"\"><strong><img loading=\"lazy\" src=\"https:\/\/www.scene-factory.com\/img\/blue.png\" alt=\"\" width=\"11\" height=\"8\" \/><\/strong>Researched and cleared for <strong>Saatchi<\/strong>\/ US Dept of Justice gun control PSA campaign \u201cWhere Have all the Children Gone?\u201d<\/td>\n<\/tr>\n<tr>\n<td width=\"75\" align=\"center\" bgcolor=\"\" class=\"W\"><\/td>\n<td bgcolor=\"\">Scenes from all over <strong>New York State<\/strong>, all seasons<\/td>\n<td bgcolor=\"\"><strong><img loading=\"lazy\" src=\"https:\/\/www.scene-factory.com\/img\/red.png\" alt=\"\" width=\"11\" height=\"8\" \/><\/strong>Shot for NY State Dept of Commerce \u201c<strong>I Love NY<\/strong>\u201d campaign<\/td>\n<\/tr>\n<tr>\n<td width=\"75\" align=\"center\" bgcolor=\"\" class=\"W\"><\/td>\n<td bgcolor=\"\">Time-lapse scenes of <strong>Buffalo<\/strong>, NY in all seasons<\/td>\n<td bgcolor=\"\"><strong><img loading=\"lazy\" src=\"https:\/\/www.scene-factory.com\/img\/red.png\" alt=\"\" width=\"11\" height=\"8\" \/><\/strong>Shot for titles and segways for Warner Brothers TV series \u201c<strong>Jessie<\/strong>\u201d<\/td>\n<\/tr>\n<tr>\n<td width=\"75\" align=\"center\" bgcolor=\"\" class=\"W\"><\/td>\n<td bgcolor=\"\">Kids looking <strong>delinquent<\/strong><\/td>\n<td bgcolor=\"\"><strong><img loading=\"lazy\" src=\"https:\/\/www.scene-factory.com\/img\/red.png\" alt=\"\" width=\"11\" height=\"8\" \/><\/strong>Shot for<strong> US Army<\/strong> motivational film<\/td>\n<\/tr>\n<tr>\n<td width=\"75\" align=\"center\" bgcolor=\"\" class=\"W\"><\/td>\n<td bgcolor=\"\"><strong>Lifestyles<\/strong>: blacks, latinos &amp; whites, young &amp; old, looking insured<\/td>\n<td bgcolor=\"\"><strong><img loading=\"lazy\" src=\"https:\/\/www.scene-factory.com\/img\/red.png\" alt=\"\" width=\"11\" height=\"8\" \/><\/strong>Shot for BF&amp;M Insurance TV commercial campaign (in-house agency)<\/td>\n<\/tr>\n<tr>\n<td width=\"75\" align=\"center\" bgcolor=\"\" class=\"W\"><\/td>\n<td bgcolor=\"\"><strong>Miami<\/strong> airport crowds, jets landing<\/td>\n<td bgcolor=\"\"><strong><img loading=\"lazy\" src=\"https:\/\/www.scene-factory.com\/img\/red.png\" alt=\"\" width=\"11\" height=\"8\" \/><\/strong>Shot for<strong> Disney<\/strong> feature \u201cInstinct\u201d<\/td>\n<\/tr>\n<tr>\n<td width=\"75\" align=\"center\" bgcolor=\"\" class=\"W\"><strong>1990<br \/>\n\/<br \/>\n1979\u00a0<\/strong><\/td>\n<td bgcolor=\"\">Scenes from award-winning films and collections (<strong>Koyaanisqatsi<\/strong>, Robin Lehman, MacGillivray-Freeman, Hilary Harris, Warren Miller, Energy Productions, Steve Marts, Archive Films, Andre de la Varre, Greg Huglin, David Fortney, Ushuaia etc.)<\/td>\n<td bgcolor=\"\"><strong><img loading=\"lazy\" src=\"https:\/\/www.scene-factory.com\/img\/red.png\" alt=\"\" width=\"11\" height=\"8\" \/><\/strong><strong><img loading=\"lazy\" src=\"https:\/\/www.scene-factory.com\/img\/blue.png\" alt=\"\" width=\"11\" height=\"8\" \/><\/strong>Created <strong>Film Search Inc<\/strong> (research co. and footage agency, sold to <strong>The Image Bank<\/strong> in 1988). Found and licensed scenes for hundreds of TV spots, music videos, feature films incl. Time Inc (Y&amp;R), Atari \u201c<strong>Centipede<\/strong>\u201d (BBDO), \u201c<strong>Stardust Memories<\/strong>\u201d (Woody Allen), \u201cFreeze Frame\u201d (J. Geils Band), Radio City Music Hall 50th Anniversary special<\/td>\n<\/tr>\n<tr>\n<td width=\"75\" align=\"center\" bgcolor=\"\" class=\"W\"><\/td>\n<td bgcolor=\"\">Lone <strong>farm house<\/strong> at horizon in eastern Washington State wheat country<\/td>\n<td bgcolor=\"\"><strong><img loading=\"lazy\" src=\"https:\/\/www.scene-factory.com\/img\/red.png\" alt=\"\" width=\"11\" height=\"8\" \/><\/strong>Scene shot for <strong>New Yorker<\/strong> Magazine TV commercial (Lord, Geller, Federico)<\/td>\n<\/tr>\n<tr>\n<td width=\"75\" align=\"center\" bgcolor=\"\" class=\"W\"><\/td>\n<td bgcolor=\"\">All subjects &#8211; scenes selected from Film Search collections<\/td>\n<td bgcolor=\"\"><strong><img loading=\"lazy\" src=\"https:\/\/www.scene-factory.com\/img\/red.png\" alt=\"\" width=\"11\" height=\"8\" \/><\/strong>Promotional film \u201c<strong>Countdown<\/strong>\u201d produced for The Image Bank Film (dir. <strong>Steve Stein\/Jon Kane<\/strong>)<\/td>\n<\/tr>\n<tr>\n<td width=\"75\" align=\"center\" bgcolor=\"\" class=\"W\"><\/td>\n<td bgcolor=\"\"><strong>Aerials<\/strong> NYC landmarks at night<\/td>\n<td bgcolor=\"\"><strong><img loading=\"lazy\" src=\"https:\/\/www.scene-factory.com\/img\/red.png\" alt=\"\" width=\"11\" height=\"8\" \/><\/strong>Scenes shot for Fortunoff\u2019s TV commercial \u201cJewels of New York\u201d<\/td>\n<\/tr>\n<tr>\n<td width=\"75\" align=\"center\" bgcolor=\"\" class=\"W\"><\/td>\n<td bgcolor=\"\">Hip-looking <strong>young people<\/strong> hanging out in NYC streets<\/td>\n<td bgcolor=\"\"><strong><img loading=\"lazy\" src=\"https:\/\/www.scene-factory.com\/img\/red.png\" alt=\"\" width=\"11\" height=\"8\" \/><\/strong>Scenes shot for <strong>Schlitz Beer<\/strong> TV commercial \u201cMore than a Feeling\u201d<\/td>\n<\/tr>\n<tr>\n<td width=\"75\" align=\"center\" bgcolor=\"\" class=\"W\"><\/td>\n<td bgcolor=\"\"><strong>Pre-colombian<\/strong> gold art<\/td>\n<td bgcolor=\"\"><strong><img loading=\"lazy\" src=\"https:\/\/www.scene-factory.com\/img\/red.png\" alt=\"\" width=\"11\" height=\"8\" \/><\/strong>Scenes shot for documentary \u201c<strong>Gold of Eldorado<\/strong>\u201d (ABC TV)<\/td>\n<\/tr>\n<tr>\n<td width=\"75\" align=\"center\" bgcolor=\"\" class=\"W\"><\/td>\n<td bgcolor=\"\">Barren landscapes<\/td>\n<td bgcolor=\"\"><strong><img loading=\"lazy\" src=\"https:\/\/www.scene-factory.com\/img\/red.png\" alt=\"\" width=\"11\" height=\"8\" \/><\/strong>Scenes shot for <strong>IBM<\/strong> TV spot \u201cFractals\u201d (Lord Geller Federico)<\/td>\n<\/tr>\n<tr>\n<td width=\"75\" align=\"center\" bgcolor=\"\" class=\"W\"><\/td>\n<td bgcolor=\"\">Award scenes (sports, showbiz, <strong>Nobel<\/strong> etc)<\/td>\n<td bgcolor=\"\"><strong><img loading=\"lazy\" src=\"https:\/\/www.scene-factory.com\/img\/red.png\" alt=\"\" width=\"11\" height=\"8\" \/><\/strong>Scenes researched and edited for IBM motivational film \u201c<strong>Trophies<\/strong>\u201d<\/td>\n<\/tr>\n<tr>\n<td width=\"75\" align=\"center\" bgcolor=\"\" class=\"W\"><strong>1979<br \/>\n\/<br \/>\n1978<\/strong><\/td>\n<td bgcolor=\"\">NBC News rushes<strong>1970s<\/strong> decade<\/td>\n<td bgcolor=\"\"><strong><img loading=\"lazy\" src=\"https:\/\/www.scene-factory.com\/img\/blue.png\" alt=\"\" width=\"11\" height=\"8\" \/><\/strong>&quot;<strong>Sensational Seventies<\/strong>&quot; 10-hour series (prod Philip Hobel)<\/td>\n<\/tr>\n<tr>\n<td width=\"75\" align=\"center\" class=\"W\"><strong>1977<br \/>\n\/<br \/>\n1972\u00a0<\/strong><\/td>\n<td>Crazy <strong>inventions<\/strong> from 1920-1960<\/td>\n<td><strong><img loading=\"lazy\" src=\"https:\/\/www.scene-factory.com\/img\/blue.png\" alt=\"\" width=\"11\" height=\"8\" \/><\/strong>Feature \u201c<strong>Gizmo<\/strong>\u201d (dir. Howard Smith)<\/td>\n<\/tr>\n<tr>\n<tr>\n<td width=\"75\" align=\"center\" class=\"W\"><\/td>\n<td><strong>Vaudeville<\/strong> early 20th century<\/td>\n<td><strong><img loading=\"lazy\" src=\"https:\/\/www.scene-factory.com\/img\/red.png\" alt=\"\" width=\"11\" height=\"8\" \/>Smithsonian Institution<\/strong> multi-screen exhibit   \u201cA Nation of Nations\u201d (dir. Rusty Russell) <\/td>\n<\/tr>\n<tr>\n<td width=\"75\" align=\"center\" class=\"W\"><\/td>\n<td>Sports highlights <strong>20th century<\/strong><\/td>\n<td><strong><img loading=\"lazy\" src=\"https:\/\/www.scene-factory.com\/img\/red.png\" alt=\"\" width=\"11\" height=\"8\" \/>CBS<\/strong> series \u201cMarlo &amp; the Magic Movie Machine\u201d<\/td>\n<\/tr>\n<tr>\n<tr>\n<td width=\"75\" align=\"center\" bgcolor=\"\" class=\"W\"><\/td>\n<td bgcolor=\"\"><strong>Vietnam war scenes, ant-war protests<\/strong><\/td>\n<td bgcolor=\"\"><strong><img loading=\"lazy\" src=\"https:\/\/www.scene-factory.com\/img\/red.png\" alt=\"\" width=\"11\" height=\"8\" \/>\u201cBeatlemania\u201d<\/strong> \u2013 film segments for Broadway show<\/td>\n<\/tr>\n<tr>\n<td width=\"75\" align=\"center\" bgcolor=\"\" class=\"W\"><\/td>\n<td bgcolor=\"\">ABC News <strong>out-takes<\/strong> showing US alternative culture from 1965 to 1975<\/td>\n<td bgcolor=\"\"><strong><img loading=\"lazy\" src=\"https:\/\/www.scene-factory.com\/img\/red.png\" alt=\"\" width=\"11\" height=\"8\" \/><\/strong>\u201c<strong>True Adventure<\/strong>\u201d (dir\/res\/edit) alternative bicentennial film (prod. Jack Willis)<\/td>\n<\/tr>\n<tr>\n<td width=\"75\" align=\"center\" class=\"W\"><strong>1972<\/strong><\/td>\n<td>Richard <strong>Nixon<\/strong> playing piano, golf, as car mechanic, making faces<\/td>\n<td><strong><img loading=\"lazy\" src=\"https:\/\/www.scene-factory.com\/img\/red.png\" alt=\"\" width=\"11\" height=\"8\" \/><\/strong>\u201c<strong>My Way<\/strong>\u201d short film made for Nixon impressionist David Frye<\/td>\n<\/tr>\n<tr>\n<td width=\"75\" align=\"center\" class=\"W\"><strong>1971<\/strong><\/td>\n<td>Richard Nixon making funny faces<\/td>\n<td><strong><img loading=\"lazy\" src=\"https:\/\/www.scene-factory.com\/img\/blue.png\" alt=\"\" width=\"11\" height=\"8\" \/><\/strong>Feature \u201c<strong>Richard<\/strong>\u201d (dir. Harry Hurwitz)<\/td>\n<\/tr>\n<tr>\n<td width=\"75\" align=\"center\" class=\"W\"><strong>1970<\/strong><\/td>\n<td><strong>East Village<\/strong>, NYC runaways<\/td>\n<td><strong><img loading=\"lazy\" src=\"https:\/\/www.scene-factory.com\/img\/red.png\" alt=\"\" width=\"11\" height=\"8\" \/>NYU<\/strong> film school senior project \u201cAnnie\u201d (teacher: Martin <strong>Scorsese<\/strong>)<\/td>\n<\/tr>\n<\/tbody>\n<\/table>\n","protected":false},"excerpt":{"rendered":"<p>&nbsp; &nbsp; production film research &nbsp; &nbsp; &nbsp; YEAR SCENE PLACEMENT 2014 \/ 2012 Muhammad Ali training, reciting his poetry, expounding on The American Way of Life Documentary made from recently discovered footage shot in 1973-74 &nbsp; Wild orgies and suburban hot-tubs Internet documentary \u201cLe Libertinage\u201d (Ana\u00e9 Media) &nbsp; Mao, Mussolini and co. + girls &#8230; <a href=\"https:\/\/www.scene-factory.com\/EN\/?page_id=16\">Continue Reading<\/a><\/p>\n","protected":false},"author":1,"featured_media":0,"parent":10,"menu_order":0,"comment_status":"open","ping_status":"open","template":"","meta":[],"_links":{"self":[{"href":"https:\/\/www.scene-factory.com\/EN\/index.php?rest_route=\/wp\/v2\/pages\/16"}],"collection":[{"href":"https:\/\/www.scene-factory.com\/EN\/index.php?rest_route=\/wp\/v2\/pages"}],"about":[{"href":"https:\/\/www.scene-factory.com\/EN\/index.php?rest_route=\/wp\/v2\/types\/page"}],"author":[{"embeddable":true,"href":"https:\/\/www.scene-factory.com\/EN\/index.php?rest_route=\/wp\/v2\/users\/1"}],"replies":[{"embeddable":true,"href":"https:\/\/www.scene-factory.com\/EN\/index.php?rest_route=%2Fwp%2Fv2%2Fcomments&post=16"}],"version-history":[{"count":25,"href":"https:\/\/www.scene-factory.com\/EN\/index.php?rest_route=\/wp\/v2\/pages\/16\/revisions"}],"predecessor-version":[{"id":79,"href":"https:\/\/www.scene-factory.com\/EN\/index.php?rest_route=\/wp\/v2\/pages\/16\/revisions\/79"}],"up":[{"embeddable":true,"href":"https:\/\/www.scene-factory.com\/EN\/index.php?rest_route=\/wp\/v2\/pages\/10"}],"wp:attachment":[{"href":"https:\/\/www.scene-factory.com\/EN\/index.php?rest_route=%2Fwp%2Fv2%2Fmedia&parent=16"}],"curies":[{"name":"wp","href":"https:\/\/api.w.org\/{rel}","templated":true}]}}